{"id":2278,"date":"2014-08-27T12:58:59","date_gmt":"2014-08-27T10:58:59","guid":{"rendered":"https:\/\/questcequonboit.fr\/?page_id=2278"},"modified":"2018-02-23T14:50:54","modified_gmt":"2018-02-23T13:50:54","slug":"cadeaux-dentreprise","status":"publish","type":"page","link":"https:\/\/questcequonboit.fr\/?page_id=2278","title":{"rendered":"CADEAUX D&rsquo;ENTREPRISE"},"content":{"rendered":"<h1 style=\"text-align: center;\"><strong><a href=\"https:\/\/questcequonboit.fr\/wp-content\/uploads\/2014\/08\/magasin-panoramique-2.jpg\"><img loading=\"lazy\" decoding=\"async\" class=\"aligncenter size-large wp-image-2288\" src=\"https:\/\/questcequonboit.fr\/wp-content\/uploads\/2014\/08\/magasin-panoramique-2-1024x341.jpg\" alt=\"magasin panoramique 2\" width=\"640\" height=\"213\" srcset=\"https:\/\/questcequonboit.fr\/wp-content\/uploads\/2014\/08\/magasin-panoramique-2-1024x341.jpg 1024w, https:\/\/questcequonboit.fr\/wp-content\/uploads\/2014\/08\/magasin-panoramique-2-300x100.jpg 300w, https:\/\/questcequonboit.fr\/wp-content\/uploads\/2014\/08\/magasin-panoramique-2.jpg 1500w\" sizes=\"(max-width: 640px) 100vw, 640px\" \/><\/a><\/strong><strong><br \/>\n<\/strong><\/h1>\n<p style=\"text-align: center;\"><a href=\"http:\/\/www.cavesduroy.fr\/services\/\"><img loading=\"lazy\" decoding=\"async\" class=\"alignleft size-thumbnail wp-image-2295\" src=\"https:\/\/questcequonboit.fr\/wp-content\/uploads\/2014\/08\/JLT-1-150x150.jpg\" alt=\"JLT 1\" width=\"150\" height=\"150\" \/><\/a><\/p>\n<p>&nbsp;<\/p>\n<p style=\"text-align: center;\">\u00a0<strong>30 ans d&rsquo;exp\u00e9rience<\/strong><\/p>\n<p style=\"text-align: left;\">\u00a0\u00a0\u00a0\u00a0\u00a0 L&rsquo;expertise <a href=\"https:\/\/www.cavesduroy.fr\/commande-en-ligne\/content\/8-magasin\"><span style=\"color: #0000ff;\">Les Caves Du Roy<\/span><\/a> au profit de votre entreprise<\/p>\n<h2><\/h2>\n<p>&nbsp;<\/p>\n<p><strong>Un cadeau diff\u00e9rent<\/strong><\/p>\n<p>valorisez votre entreprise en offrant <a href=\"https:\/\/www.cavesduroy.fr\/commande-en-ligne\/425-cadeaux-d-entreprise\"><span style=\"color: #0000ff;\">un<\/span> <span style=\"color: #0000ff;\">cadeau diff\u00e9rent<\/span><\/a> des autres<\/p>\n<p>En faisant appel \u00e0 notre expertise, votre client sait que vous avez apport\u00e9 une attention toute particuli\u00e8re \u00e0 son cadeau<\/p>\n<p>&nbsp;<\/p>\n<p><strong>Un cadeau sur mesure<\/strong><\/p>\n<p>un cadeau adapt\u00e9 \u00e0 vos go\u00fbts, \u00e0 votre client et \u00e0 votre budget<\/p>\n<p>Un interlocuteur d\u00e9di\u00e9 \u00e0 votre devis personnalis\u00e9<\/p>\n<div id=\"attachment_2324\" style=\"width: 160px\" class=\"wp-caption alignleft\"><img loading=\"lazy\" decoding=\"async\" aria-describedby=\"caption-attachment-2324\" class=\"wp-image-2324 size-thumbnail\" src=\"https:\/\/questcequonboit.fr\/wp-content\/uploads\/2014\/08\/camille-7-150x150.jpg\" alt=\"camille 7\" width=\"150\" height=\"150\" \/><p id=\"caption-attachment-2324\" class=\"wp-caption-text\">Camille<\/p><\/div>\n<p>&nbsp;<\/p>\n<p>&nbsp;<\/p>\n<p>&nbsp;<\/p>\n<p>&nbsp;<\/p>\n<p>&nbsp;<\/p>\n<p><strong>Un mot d&rsquo;accompagnement<\/strong><\/p>\n<p><a href=\"https:\/\/questcequonboit.fr\/wp-content\/uploads\/2014\/08\/carte-cadeau1.jpg\"><img loading=\"lazy\" decoding=\"async\" class=\"alignleft size-thumbnail wp-image-2339\" src=\"https:\/\/questcequonboit.fr\/wp-content\/uploads\/2014\/08\/carte-cadeau1-150x150.jpg\" alt=\"carte cadeau\" width=\"150\" height=\"150\" \/><\/a><\/p>\n<p>&nbsp;<\/p>\n<p>&nbsp;<\/p>\n<p>&nbsp;<\/p>\n<p>&nbsp;<\/p>\n<p><strong>Une livraison partout en France et \u00e0 l&rsquo;international<br \/>\n<\/strong><\/p>\n<p>un mode de livraison adapt\u00e9 \u00e0 votre client<\/p>\n<p style=\"text-align: left;\">des prestataires de qualit\u00e9: coursier, colissimo, UPS, transporteur, etc&#8230;<\/p>\n<p>un interlocuteur d\u00e9di\u00e9 au suivi de votre livraison<\/p>\n<div id=\"attachment_2334\" style=\"width: 160px\" class=\"wp-caption aligncenter\"><a href=\"https:\/\/questcequonboit.fr\/wp-content\/uploads\/2014\/08\/camille8.jpg\"><img loading=\"lazy\" decoding=\"async\" aria-describedby=\"caption-attachment-2334\" class=\"size-thumbnail wp-image-2334\" src=\"https:\/\/questcequonboit.fr\/wp-content\/uploads\/2014\/08\/camille8-150x150.jpg\" alt=\"Camille\" width=\"150\" height=\"150\" srcset=\"https:\/\/questcequonboit.fr\/wp-content\/uploads\/2014\/08\/camille8-150x150.jpg 150w, https:\/\/questcequonboit.fr\/wp-content\/uploads\/2014\/08\/camille8.jpg 238w\" sizes=\"(max-width: 150px) 100vw, 150px\" \/><\/a><p id=\"caption-attachment-2334\" class=\"wp-caption-text\">Camille<\/p><\/div>\n<p style=\"text-align: center;\"><span style=\"color: #0000ff;\"><a style=\"color: #0000ff;\" href=\"https:\/\/www.cavesduroy.fr\/commande-en-ligne\/425-cadeaux-d-entreprise\"><strong>D\u00e9couvrez une partie de notre s\u00e9lection<\/strong><\/a><\/span><\/p>\n","protected":false},"excerpt":{"rendered":"<p>&nbsp; \u00a030 ans d&rsquo;exp\u00e9rience \u00a0\u00a0\u00a0\u00a0\u00a0 L&rsquo;expertise Les Caves Du Roy au profit de votre entreprise &nbsp; Un cadeau diff\u00e9rent valorisez votre entreprise en offrant un cadeau diff\u00e9rent des autres En faisant appel \u00e0 notre expertise, votre client sait que vous avez apport\u00e9 une attention toute particuli\u00e8re \u00e0 son cadeau &nbsp; Un cadeau sur mesure un cadeau adapt\u00e9 \u00e0 vos go\u00fbts, \u00e0 votre client et \u00e0 votre budget Un interlocuteur d\u00e9di\u00e9 \u00e0 votre devis personnalis\u00e9 &nbsp; &nbsp; &nbsp; &nbsp; &nbsp; Un mot d&rsquo;accompagnement &nbsp; &nbsp; &nbsp; &nbsp; Une livraison partout en France et \u00e0 l&rsquo;international un mode de livraison adapt\u00e9 \u00e0 votre client des prestataires de qualit\u00e9: coursier, colissimo, UPS, transporteur, etc&#8230; un interlocuteur d\u00e9di\u00e9 au suivi de votre livraison D\u00e9couvrez une partie de notre s\u00e9lection<\/p>\n","protected":false},"author":2,"featured_media":0,"parent":0,"menu_order":1,"comment_status":"open","ping_status":"open","template":"","meta":{"footnotes":""},"aioseo_notices":[],"_links":{"self":[{"href":"https:\/\/questcequonboit.fr\/index.php?rest_route=\/wp\/v2\/pages\/2278"}],"collection":[{"href":"https:\/\/questcequonboit.fr\/index.php?rest_route=\/wp\/v2\/pages"}],"about":[{"href":"https:\/\/questcequonboit.fr\/index.php?rest_route=\/wp\/v2\/types\/page"}],"author":[{"embeddable":true,"href":"https:\/\/questcequonboit.fr\/index.php?rest_route=\/wp\/v2\/users\/2"}],"replies":[{"embeddable":true,"href":"https:\/\/questcequonboit.fr\/index.php?rest_route=%2Fwp%2Fv2%2Fcomments&post=2278"}],"version-history":[{"count":60,"href":"https:\/\/questcequonboit.fr\/index.php?rest_route=\/wp\/v2\/pages\/2278\/revisions"}],"predecessor-version":[{"id":2743,"href":"https:\/\/questcequonboit.fr\/index.php?rest_route=\/wp\/v2\/pages\/2278\/revisions\/2743"}],"wp:attachment":[{"href":"https:\/\/questcequonboit.fr\/index.php?rest_route=%2Fwp%2Fv2%2Fmedia&parent=2278"}],"curies":[{"name":"wp","href":"https:\/\/api.w.org\/{rel}","templated":true}]}}