{"id":2872,"date":"2018-03-02T18:39:51","date_gmt":"2018-03-02T17:39:51","guid":{"rendered":"https:\/\/questcequonboit.fr\/?page_id=2872"},"modified":"2018-03-16T14:44:05","modified_gmt":"2018-03-16T13:44:05","slug":"mezcal-koch-tobasiche","status":"publish","type":"page","link":"https:\/\/questcequonboit.fr\/?page_id=2872","title":{"rendered":"Mezcal Koch Tobasiche"},"content":{"rendered":"<p><a href=\"https:\/\/www.cavesduroy.fr\/commande-en-ligne\/20_koch\"><img loading=\"lazy\" decoding=\"async\" class=\"aligncenter size-full wp-image-2824\" src=\"https:\/\/questcequonboit.fr\/wp-content\/uploads\/2018\/02\/logo-koch-e1519337619123.png\" alt=\"\" width=\"112\" height=\"180\" \/><\/a><\/p>\n<p style=\"text-align: center;\"><em>Le Mezcal Koch est produit dans l&rsquo;\u00e9tat de Oaxaca au Mexique, par un groupement de plusieurs familles de mezcaleros de la communaut\u00e9 Rio de Ejutla<\/em><\/p>\n<p><img loading=\"lazy\" decoding=\"async\" class=\"aligncenter size-medium wp-image-2959\" src=\"https:\/\/questcequonboit.fr\/wp-content\/uploads\/2018\/03\/mezcal-communaut\u00e9-rio-de-ejutla-225x300.jpg\" alt=\"\" width=\"225\" height=\"300\" \/><\/p>\n<p style=\"text-align: center;\"><em>Mezcal bio produit artisanalement \u00e0 partir d&rsquo;agaves Tobasiche<\/em><\/p>\n<p><img loading=\"lazy\" decoding=\"async\" class=\"aligncenter size-medium wp-image-2957\" src=\"https:\/\/questcequonboit.fr\/wp-content\/uploads\/2018\/03\/agave-tobasiche-200x300.jpg\" alt=\"\" width=\"200\" height=\"300\" \/><\/p>\n<p style=\"text-align: center;\"><em>Koch est un mezcal dont les pina ont \u00e9t\u00e9 cuites dans un petit four traditionnel creus\u00e9 sous terre<\/em><\/p>\n<p><img loading=\"lazy\" decoding=\"async\" class=\"aligncenter size-medium wp-image-2918\" src=\"https:\/\/questcequonboit.fr\/wp-content\/uploads\/2018\/02\/DSC_1522-300x200.jpg\" alt=\"\" width=\"300\" height=\"200\" \/><\/p>\n<p style=\"text-align: center;\"><em>La mouture est obtenue par une pierre tract\u00e9e par un cheval <\/em><\/p>\n<p><img loading=\"lazy\" decoding=\"async\" class=\"aligncenter size-medium wp-image-2848\" src=\"https:\/\/questcequonboit.fr\/wp-content\/uploads\/2018\/02\/DSC_2143-300x200.jpg\" alt=\"\" width=\"300\" height=\"200\" \/><\/p>\n<p style=\"text-align: center;\"><em>et la cuve de fermentation est en bois de pin<\/em><\/p>\n<p><img loading=\"lazy\" decoding=\"async\" class=\"aligncenter size-medium wp-image-2926\" src=\"https:\/\/questcequonboit.fr\/wp-content\/uploads\/2018\/02\/IMG_3020-225x300.jpg\" alt=\"\" width=\"225\" height=\"300\" \/><\/p>\n<p style=\"text-align: center;\"><em> L&rsquo;eau utilis\u00e9e est celle du fleuve et l&rsquo;alambic contient seulement 300 litres<\/em><\/p>\n<p><img loading=\"lazy\" decoding=\"async\" class=\"aligncenter size-medium wp-image-2839\" src=\"https:\/\/questcequonboit.fr\/wp-content\/uploads\/2018\/02\/IMG_3041-225x300.jpg\" alt=\"\" width=\"225\" height=\"300\" \/><\/p>\n<p><em>La marque met en avant des techniques de productions artisanales tout en favorisant une approche \u00e9quitable vis-\u00e0-vis des producteurs.<\/em><\/p>\n<p><em>La coop\u00e9rative a en 2014 replant\u00e9 plus de 30.000 agaves de diff\u00e9rentes esp\u00e8ces et a mis en place une approche innovante dans la gestion des d\u00e9chets et dans l&rsquo;utilisation des ressources comme l&rsquo;eau et le bois.<\/em><\/p>\n<p><em>Le mezcal Koch Tobasiche est embouteill\u00e9 \u00e0 47\u00b0 apr\u00e8s deux distillations dans un alambic en cuivre de 300 litres<\/em><\/p>\n<div id=\"attachment_2960\" style=\"width: 310px\" class=\"wp-caption aligncenter\"><a href=\"https:\/\/www.cavesduroy.fr\/commande-en-ligne\/tequila-mezcal-sotol\/6180-koch-tobasiche.html?search_query=koch&amp;results=14\"><img loading=\"lazy\" decoding=\"async\" aria-describedby=\"caption-attachment-2960\" class=\"size-medium wp-image-2960\" src=\"https:\/\/questcequonboit.fr\/wp-content\/uploads\/2018\/03\/mezcal-koch-tobasiche-300x300.jpg\" alt=\"\" width=\"300\" height=\"300\" \/><\/a><p id=\"caption-attachment-2960\" class=\"wp-caption-text\">Mezcal Koch Tobasiche<\/p><\/div>\n","protected":false},"excerpt":{"rendered":"<p>Le Mezcal Koch est produit dans l&rsquo;\u00e9tat de Oaxaca au Mexique, par un groupement de plusieurs familles de mezcaleros de la communaut\u00e9 Rio de Ejutla Mezcal bio produit artisanalement \u00e0 partir d&rsquo;agaves Tobasiche Koch est un mezcal dont les pina ont \u00e9t\u00e9 cuites dans un petit four traditionnel creus\u00e9 sous terre La mouture est obtenue par une pierre tract\u00e9e par un cheval et la cuve de fermentation est en bois de pin L&rsquo;eau utilis\u00e9e est celle du fleuve et l&rsquo;alambic contient seulement 300 litres La marque met en avant des techniques de productions artisanales tout en favorisant une approche \u00e9quitable vis-\u00e0-vis des producteurs. La coop\u00e9rative a en 2014 replant\u00e9 plus de 30.000 agaves de diff\u00e9rentes esp\u00e8ces et a mis en place une approche innovante dans la gestion des d\u00e9chets et dans l&rsquo;utilisation des ressources comme l&rsquo;eau et le bois. Le mezcal Koch Tobasiche est embouteill\u00e9 \u00e0 47\u00b0 apr\u00e8s deux distillations dans un alambic en cuivre de 300 litres<\/p>\n","protected":false},"author":2,"featured_media":0,"parent":0,"menu_order":0,"comment_status":"closed","ping_status":"closed","template":"","meta":{"footnotes":""},"aioseo_notices":[],"_links":{"self":[{"href":"https:\/\/questcequonboit.fr\/index.php?rest_route=\/wp\/v2\/pages\/2872"}],"collection":[{"href":"https:\/\/questcequonboit.fr\/index.php?rest_route=\/wp\/v2\/pages"}],"about":[{"href":"https:\/\/questcequonboit.fr\/index.php?rest_route=\/wp\/v2\/types\/page"}],"author":[{"embeddable":true,"href":"https:\/\/questcequonboit.fr\/index.php?rest_route=\/wp\/v2\/users\/2"}],"replies":[{"embeddable":true,"href":"https:\/\/questcequonboit.fr\/index.php?rest_route=%2Fwp%2Fv2%2Fcomments&post=2872"}],"version-history":[{"count":9,"href":"https:\/\/questcequonboit.fr\/index.php?rest_route=\/wp\/v2\/pages\/2872\/revisions"}],"predecessor-version":[{"id":3116,"href":"https:\/\/questcequonboit.fr\/index.php?rest_route=\/wp\/v2\/pages\/2872\/revisions\/3116"}],"wp:attachment":[{"href":"https:\/\/questcequonboit.fr\/index.php?rest_route=%2Fwp%2Fv2%2Fmedia&parent=2872"}],"curies":[{"name":"wp","href":"https:\/\/api.w.org\/{rel}","templated":true}]}}