{"id":2968,"date":"2018-03-16T16:08:05","date_gmt":"2018-03-16T15:08:05","guid":{"rendered":"https:\/\/questcequonboit.fr\/?page_id=2968"},"modified":"2018-03-16T16:08:05","modified_gmt":"2018-03-16T15:08:05","slug":"mezcal-rey-campero-jabali","status":"publish","type":"page","link":"https:\/\/questcequonboit.fr\/?page_id=2968","title":{"rendered":"Mezcal Rey Campero Jabali"},"content":{"rendered":"<p><a href=\"https:\/\/www.cavesduroy.fr\/commande-en-ligne\/23_rey-campero\"><img loading=\"lazy\" decoding=\"async\" class=\"aligncenter size-medium wp-image-3042\" src=\"https:\/\/questcequonboit.fr\/wp-content\/uploads\/2018\/03\/Logo-Rey-Campero-225x300.jpg\" alt=\"\" width=\"225\" height=\"300\" \/><\/a><\/p>\n<p style=\"text-align: center;\"><em>Le mezcal Rey Campero Jabali est produit par la maestro mezcalero Sanchez de la communaut\u00e9 Candelaria Yegol\u00e9, dans l&rsquo;\u00e9tat de Oaxaca au Mexique<\/em><\/p>\n<p><img loading=\"lazy\" decoding=\"async\" class=\"aligncenter size-medium wp-image-3121\" src=\"https:\/\/questcequonboit.fr\/wp-content\/uploads\/2018\/03\/Screen-Shot-2018-01-11-at-17.53.52-300x201.png\" alt=\"\" width=\"300\" height=\"201\" \/><\/p>\n<p style=\"text-align: center;\"><em>C&rsquo;est un mezcal bio produit \u00e0 partir de l&rsquo;agave Jabali qui est une des esp\u00e8ces rares d&rsquo;agaves qui poussent naturellement dans cette r\u00e9gion du Mexique<\/em><\/p>\n<p><img loading=\"lazy\" decoding=\"async\" class=\"aligncenter size-medium wp-image-3122\" src=\"https:\/\/questcequonboit.fr\/wp-content\/uploads\/2018\/03\/agave-jabali-300x199.jpeg\" alt=\"\" width=\"300\" height=\"199\" \/><\/p>\n<p style=\"text-align: center;\"><em>Les agaves Jabali sont cuites dans un petit four creus\u00e9 sous terre<\/em><\/p>\n<p><img loading=\"lazy\" decoding=\"async\" class=\"aligncenter size-medium wp-image-3054\" src=\"https:\/\/questcequonboit.fr\/wp-content\/uploads\/2018\/03\/IMG_2743-225x300.jpg\" alt=\"\" width=\"225\" height=\"300\" \/><\/p>\n<p style=\"text-align: center;\"><em> puis coup\u00e9es et broy\u00e9es par une un moulin de pierre tract\u00e9 par un cheval<\/em><\/p>\n<p><img loading=\"lazy\" decoding=\"async\" class=\"aligncenter size-medium wp-image-3126\" src=\"https:\/\/questcequonboit.fr\/wp-content\/uploads\/2018\/03\/IMG_2713-225x300.jpg\" alt=\"\" width=\"225\" height=\"300\" \/><\/p>\n<p style=\"text-align: center;\"><em> La cuve de fermentation est en bois de ch\u00eane ou de pin et l&rsquo;eau utilis\u00e9e est celle du fleuve<\/em><\/p>\n<p><img loading=\"lazy\" decoding=\"async\" class=\"aligncenter size-medium wp-image-3081\" src=\"https:\/\/questcequonboit.fr\/wp-content\/uploads\/2018\/03\/Screen-Shot-2018-01-11-at-17.48.34-1-300x200.png\" alt=\"\" width=\"300\" height=\"200\" \/><\/p>\n<p style=\"text-align: center;\"><em>La double distillation se fait en alambic de cuivre de 300 litres<\/em><\/p>\n<p><img loading=\"lazy\" decoding=\"async\" class=\"aligncenter size-medium wp-image-3128\" src=\"https:\/\/questcequonboit.fr\/wp-content\/uploads\/2018\/03\/IMG_2745-300x257.jpg\" alt=\"\" width=\"300\" height=\"257\" \/><\/p>\n<p><strong><em>Assez doux et fruit\u00e9 au nez. Pelure de citron. En bouche, poivre noir, fum\u00e9 l\u00e9ger<\/em><\/strong><\/p>\n<div id=\"attachment_3129\" style=\"width: 236px\" class=\"wp-caption aligncenter\"><a href=\"https:\/\/www.cavesduroy.fr\/commande-en-ligne\/tequila-mezcal-sotol\/6171-rey-campero-jabali.html\"><img loading=\"lazy\" decoding=\"async\" aria-describedby=\"caption-attachment-3129\" class=\"size-medium wp-image-3129\" src=\"https:\/\/questcequonboit.fr\/wp-content\/uploads\/2018\/03\/rey-campanero-jabali-226x300.jpg\" alt=\"\" width=\"226\" height=\"300\" \/><\/a><p id=\"caption-attachment-3129\" class=\"wp-caption-text\">Mezcal Rey Campero Jabali<\/p><\/div>\n","protected":false},"excerpt":{"rendered":"<p>Le mezcal Rey Campero Jabali est produit par la maestro mezcalero Sanchez de la communaut\u00e9 Candelaria Yegol\u00e9, dans l&rsquo;\u00e9tat de Oaxaca au Mexique C&rsquo;est un mezcal bio produit \u00e0 partir de l&rsquo;agave Jabali qui est une des esp\u00e8ces rares d&rsquo;agaves qui poussent naturellement dans cette r\u00e9gion du Mexique Les agaves Jabali sont cuites dans un petit four creus\u00e9 sous terre puis coup\u00e9es et broy\u00e9es par une un moulin de pierre tract\u00e9 par un cheval La cuve de fermentation est en bois de ch\u00eane ou de pin et l&rsquo;eau utilis\u00e9e est celle du fleuve La double distillation se fait en alambic de cuivre de 300 litres Assez doux et fruit\u00e9 au nez. Pelure de citron. En bouche, poivre noir, fum\u00e9 l\u00e9ger<\/p>\n","protected":false},"author":2,"featured_media":0,"parent":0,"menu_order":0,"comment_status":"closed","ping_status":"closed","template":"","meta":{"footnotes":""},"aioseo_notices":[],"_links":{"self":[{"href":"https:\/\/questcequonboit.fr\/index.php?rest_route=\/wp\/v2\/pages\/2968"}],"collection":[{"href":"https:\/\/questcequonboit.fr\/index.php?rest_route=\/wp\/v2\/pages"}],"about":[{"href":"https:\/\/questcequonboit.fr\/index.php?rest_route=\/wp\/v2\/types\/page"}],"author":[{"embeddable":true,"href":"https:\/\/questcequonboit.fr\/index.php?rest_route=\/wp\/v2\/users\/2"}],"replies":[{"embeddable":true,"href":"https:\/\/questcequonboit.fr\/index.php?rest_route=%2Fwp%2Fv2%2Fcomments&post=2968"}],"version-history":[{"count":5,"href":"https:\/\/questcequonboit.fr\/index.php?rest_route=\/wp\/v2\/pages\/2968\/revisions"}],"predecessor-version":[{"id":3130,"href":"https:\/\/questcequonboit.fr\/index.php?rest_route=\/wp\/v2\/pages\/2968\/revisions\/3130"}],"wp:attachment":[{"href":"https:\/\/questcequonboit.fr\/index.php?rest_route=%2Fwp%2Fv2%2Fmedia&parent=2968"}],"curies":[{"name":"wp","href":"https:\/\/api.w.org\/{rel}","templated":true}]}}