{"id":2974,"date":"2018-03-22T18:31:17","date_gmt":"2018-03-22T17:31:17","guid":{"rendered":"https:\/\/questcequonboit.fr\/?page_id=2974"},"modified":"2018-03-22T18:32:56","modified_gmt":"2018-03-22T17:32:56","slug":"mezcal-rey-campero-sierra-negra","status":"publish","type":"page","link":"https:\/\/questcequonboit.fr\/?page_id=2974","title":{"rendered":"Mezcal Rey Campero Sierra Negra"},"content":{"rendered":"<p><a href=\"https:\/\/www.cavesduroy.fr\/commande-en-ligne\/23_rey-campero\"><img loading=\"lazy\" decoding=\"async\" class=\"aligncenter size-medium wp-image-3042\" src=\"https:\/\/questcequonboit.fr\/wp-content\/uploads\/2018\/03\/Logo-Rey-Campero-225x300.jpg\" alt=\"\" width=\"225\" height=\"300\" \/><\/a><\/p>\n<p style=\"text-align: center;\"><em>Mezcal Rey Campero Sierra Negra produit dans l&rsquo;\u00e9tat de Oaxaca \u00e0 partir d&rsquo;agaves Sierra Negra de 15 ans d&rsquo;\u00e2ge <\/em><\/p>\n<p style=\"text-align: center;\"><em>par le maestro mezcalero Romulo Sanchez<\/em><\/p>\n<p><img loading=\"lazy\" decoding=\"async\" class=\"aligncenter size-medium wp-image-3174\" src=\"https:\/\/questcequonboit.fr\/wp-content\/uploads\/2018\/03\/maestro-mezcalero-romulo-sanchez-263x300.jpg\" alt=\"\" width=\"263\" height=\"300\" \/><\/p>\n<p style=\"text-align: center;\"><em>de la communaut\u00e9 Candelaria Yegol\u00e9, petit village de 150 habitants<\/em><\/p>\n<p><img loading=\"lazy\" decoding=\"async\" class=\"aligncenter size-medium wp-image-3186\" src=\"https:\/\/questcequonboit.fr\/wp-content\/uploads\/2018\/03\/candelaria-yegol\u00e9-300x200.jpg\" alt=\"\" width=\"300\" height=\"200\" \/><\/p>\n<p>&nbsp;<\/p>\n<p style=\"text-align: center;\">La distillerie Sanchez est une petite entreprise familiale implant\u00e9e depuis plus de 150 ans \u00e0 Candelaria Yegol\u00e9, un petit village de l&rsquo;\u00e9tat de Oaxaca. Cela fait quatre g\u00e9n\u00e9ration que les maestro mezcaleros Sanchez se succ\u00e8dent de p\u00e8re en fils.<\/p>\n<p><img loading=\"lazy\" decoding=\"async\" class=\"aligncenter size-medium wp-image-3050\" src=\"https:\/\/questcequonboit.fr\/wp-content\/uploads\/2018\/03\/Screen-Shot-2018-01-11-at-17.54.15-300x200.png\" alt=\"\" width=\"300\" height=\"200\" \/><\/p>\n<p style=\"text-align: center;\"><a href=\"https:\/\/www.cavesduroy.fr\/commande-en-ligne\/tequila-mezcal-sotol\/6176-rey-campero-sierra-negra.html\"><span style=\"color: #2445a2;\"><span style=\"color: #0000ff;\">Rey Campero Sierra Negra<\/span><\/span><\/a> est un mezcal bio produit \u00e0 100% \u00e0 partir de l&rsquo;agave Sierra Negra qui est une des esp\u00e8ces rares d&rsquo;agaves qui poussent naturellement dans cette r\u00e9gion du Mexique<\/p>\n<p><img loading=\"lazy\" decoding=\"async\" class=\"aligncenter size-medium wp-image-3185\" src=\"https:\/\/questcequonboit.fr\/wp-content\/uploads\/2018\/03\/agave-sierra-negra-300x225.jpg\" alt=\"\" width=\"300\" height=\"225\" \/><\/p>\n<p style=\"text-align: center;\">Les agaves Sierra Negra sont cuites dans un petit four creus\u00e9 sous terre<\/p>\n<p><img loading=\"lazy\" decoding=\"async\" class=\"aligncenter size-medium wp-image-3125\" src=\"https:\/\/questcequonboit.fr\/wp-content\/uploads\/2018\/03\/IMG_2728-225x300.jpg\" alt=\"\" width=\"225\" height=\"300\" \/><\/p>\n<p style=\"text-align: center;\">puis coup\u00e9es et broy\u00e9es par une un moulin en pierre tract\u00e9 par un cheval<\/p>\n<p><img loading=\"lazy\" decoding=\"async\" class=\"aligncenter size-medium wp-image-3080\" src=\"https:\/\/questcequonboit.fr\/wp-content\/uploads\/2018\/03\/IMG_2683-1-225x300.jpg\" alt=\"\" width=\"225\" height=\"300\" \/><\/p>\n<p style=\"text-align: center;\">La cuve de fermentation est en bois de pin<\/p>\n<p><img loading=\"lazy\" decoding=\"async\" class=\"aligncenter size-medium wp-image-3081\" src=\"https:\/\/questcequonboit.fr\/wp-content\/uploads\/2018\/03\/Screen-Shot-2018-01-11-at-17.48.34-1-300x200.png\" alt=\"\" width=\"300\" height=\"200\" \/><\/p>\n<p style=\"text-align: center;\">et l&rsquo;eau utilis\u00e9e est celle du fleuve<\/p>\n<p><img loading=\"lazy\" decoding=\"async\" class=\"aligncenter size-medium wp-image-3187\" src=\"https:\/\/questcequonboit.fr\/wp-content\/uploads\/2018\/03\/candelaria-yegol\u00e9-fleuve-223x300.jpg\" alt=\"\" width=\"223\" height=\"300\" \/><\/p>\n<p style=\"text-align: center;\">La double distillation se fait en alambic de cuivre de 300 litres<\/p>\n<p><img loading=\"lazy\" decoding=\"async\" class=\"aligncenter size-medium wp-image-3082\" src=\"https:\/\/questcequonboit.fr\/wp-content\/uploads\/2018\/03\/IMG_2692-1-225x300.jpg\" alt=\"\" width=\"225\" height=\"300\" \/><\/p>\n<p><em><strong>Au nez, poivre vert et barbe a papa. En bouche, tr\u00e8s doux et fruit\u00e9, agave cuit, fleurs sauvages, poivre noir. Fin de bouche sucr\u00e9 et longue.<\/strong><\/em><\/p>\n<div id=\"attachment_3189\" style=\"width: 236px\" class=\"wp-caption aligncenter\"><a href=\"https:\/\/www.cavesduroy.fr\/commande-en-ligne\/tequila-mezcal-sotol\/6176-rey-campero-sierra-negra.html\"><img loading=\"lazy\" decoding=\"async\" aria-describedby=\"caption-attachment-3189\" class=\"size-medium wp-image-3189\" src=\"https:\/\/questcequonboit.fr\/wp-content\/uploads\/2018\/03\/rey-campero-siera-negra-226x300.jpg\" alt=\"\" width=\"226\" height=\"300\" \/><\/a><p id=\"caption-attachment-3189\" class=\"wp-caption-text\">Mezcal Rey Campero Sierra Negra<\/p><\/div>\n","protected":false},"excerpt":{"rendered":"<p>Mezcal Rey Campero Sierra Negra produit dans l&rsquo;\u00e9tat de Oaxaca \u00e0 partir d&rsquo;agaves Sierra Negra de 15 ans d&rsquo;\u00e2ge par le maestro mezcalero Romulo Sanchez de la communaut\u00e9 Candelaria Yegol\u00e9, petit village de 150 habitants &nbsp; La distillerie Sanchez est une petite entreprise familiale implant\u00e9e depuis plus de 150 ans \u00e0 Candelaria Yegol\u00e9, un petit village de l&rsquo;\u00e9tat de Oaxaca. Cela fait quatre g\u00e9n\u00e9ration que les maestro mezcaleros Sanchez se succ\u00e8dent de p\u00e8re en fils. Rey Campero Sierra Negra est un mezcal bio produit \u00e0 100% \u00e0 partir de l&rsquo;agave Sierra Negra qui est une des esp\u00e8ces rares d&rsquo;agaves qui poussent naturellement dans cette r\u00e9gion du Mexique Les agaves Sierra Negra sont cuites dans un petit four creus\u00e9 sous terre puis coup\u00e9es et broy\u00e9es par une un moulin en pierre tract\u00e9 par un cheval La cuve de fermentation est en bois de pin et l&rsquo;eau utilis\u00e9e est celle du fleuve La double distillation se fait en alambic de cuivre de 300 litres Au nez, poivre vert et barbe a papa. En bouche, tr\u00e8s doux et fruit\u00e9, agave cuit, fleurs sauvages, poivre noir. Fin de bouche sucr\u00e9 et longue.<\/p>\n","protected":false},"author":2,"featured_media":0,"parent":0,"menu_order":0,"comment_status":"closed","ping_status":"closed","template":"","meta":{"footnotes":""},"aioseo_notices":[],"_links":{"self":[{"href":"https:\/\/questcequonboit.fr\/index.php?rest_route=\/wp\/v2\/pages\/2974"}],"collection":[{"href":"https:\/\/questcequonboit.fr\/index.php?rest_route=\/wp\/v2\/pages"}],"about":[{"href":"https:\/\/questcequonboit.fr\/index.php?rest_route=\/wp\/v2\/types\/page"}],"author":[{"embeddable":true,"href":"https:\/\/questcequonboit.fr\/index.php?rest_route=\/wp\/v2\/users\/2"}],"replies":[{"embeddable":true,"href":"https:\/\/questcequonboit.fr\/index.php?rest_route=%2Fwp%2Fv2%2Fcomments&post=2974"}],"version-history":[{"count":6,"href":"https:\/\/questcequonboit.fr\/index.php?rest_route=\/wp\/v2\/pages\/2974\/revisions"}],"predecessor-version":[{"id":3191,"href":"https:\/\/questcequonboit.fr\/index.php?rest_route=\/wp\/v2\/pages\/2974\/revisions\/3191"}],"wp:attachment":[{"href":"https:\/\/questcequonboit.fr\/index.php?rest_route=%2Fwp%2Fv2%2Fmedia&parent=2974"}],"curies":[{"name":"wp","href":"https:\/\/api.w.org\/{rel}","templated":true}]}}