{"id":3002,"date":"2018-03-06T23:56:41","date_gmt":"2018-03-06T22:56:41","guid":{"rendered":"https:\/\/questcequonboit.fr\/?page_id=3002"},"modified":"2018-03-07T13:00:32","modified_gmt":"2018-03-07T12:00:32","slug":"sous-la-montagne","status":"publish","type":"page","link":"https:\/\/questcequonboit.fr\/?page_id=3002","title":{"rendered":"Sous La Montagne"},"content":{"rendered":"<p>Ca peut para\u00eetre compliqu\u00e9, mais en fait c&rsquo;est simple:<\/p>\n<p><strong>Jeff Carrel<\/strong>&#8230;.vous connaissez ! Bon et bien sa derni\u00e8re r\u00e9alisation s&rsquo;appelle la <strong>Maison Carrel<\/strong><\/p>\n<p><iframe loading=\"lazy\" src=\"https:\/\/www.youtube.com\/embed\/WGERDaAkxUM\" width=\"580\" height=\"330\" frameborder=\"0\" allowfullscreen=\"allowfullscreen\" data-mce-fragment=\"1\"><\/iframe><\/p>\n<p>Et la Maison Carrel, au del\u00e0 de permettre \u00e0 Jeff Carrel de travailler sereinement, c&rsquo;est la volont\u00e9 de pouvoir accompagner des vignerons talentueux dans leur d\u00e9veloppement.<\/p>\n<p>C&rsquo;est le cas du domaine <strong>Sous La Montagne<\/strong> situ\u00e9 \u00e0 Ansignan, en pays catalan.\u00a0 <strong><br \/>\n<\/strong><\/p>\n<p><iframe loading=\"lazy\" src=\"https:\/\/www.youtube.com\/embed\/YflzuwVRmJ8\" width=\"580\" height=\"330\" frameborder=\"0\" allowfullscreen=\"allowfullscreen\" data-mce-fragment=\"1\"><\/iframe>]<\/p>\n<p>Jeff Carrel et S\u00e9bastien Calduche se sont trouv\u00e9s: \u00a0\u00bb Acheter les vignes, les terres, installer des gens pour les vignes, les murets, les chemins, les casots, les fleurs, les oiseaux, l\u2019\u00e9cole, le caf\u00e9, et peut-\u00eatre un troupeau, des plantes aromatiques et des ruches\u00a0\u00bb<\/p>\n<p>C&rsquo;est \u00e7a Sous La Montagne !<\/p>\n<p>&nbsp;<\/p>\n","protected":false},"excerpt":{"rendered":"<p>Ca peut para\u00eetre compliqu\u00e9, mais en fait c&rsquo;est simple: Jeff Carrel&#8230;.vous connaissez ! Bon et bien sa derni\u00e8re r\u00e9alisation s&rsquo;appelle la Maison Carrel Et la Maison Carrel, au del\u00e0 de permettre \u00e0 Jeff Carrel de travailler sereinement, c&rsquo;est la volont\u00e9 de pouvoir accompagner des vignerons talentueux dans leur d\u00e9veloppement. C&rsquo;est le cas du domaine Sous La Montagne situ\u00e9 \u00e0 Ansignan, en pays catalan.\u00a0 ] Jeff Carrel et S\u00e9bastien Calduche se sont trouv\u00e9s: \u00a0\u00bb Acheter les vignes, les terres, installer des gens pour les vignes, les murets, les chemins, les casots, les fleurs, les oiseaux, l\u2019\u00e9cole, le caf\u00e9, et peut-\u00eatre un troupeau, des plantes aromatiques et des ruches\u00a0\u00bb C&rsquo;est \u00e7a Sous La Montagne ! &nbsp;<\/p>\n","protected":false},"author":2,"featured_media":0,"parent":0,"menu_order":0,"comment_status":"closed","ping_status":"closed","template":"","meta":{"footnotes":""},"aioseo_notices":[],"_links":{"self":[{"href":"https:\/\/questcequonboit.fr\/index.php?rest_route=\/wp\/v2\/pages\/3002"}],"collection":[{"href":"https:\/\/questcequonboit.fr\/index.php?rest_route=\/wp\/v2\/pages"}],"about":[{"href":"https:\/\/questcequonboit.fr\/index.php?rest_route=\/wp\/v2\/types\/page"}],"author":[{"embeddable":true,"href":"https:\/\/questcequonboit.fr\/index.php?rest_route=\/wp\/v2\/users\/2"}],"replies":[{"embeddable":true,"href":"https:\/\/questcequonboit.fr\/index.php?rest_route=%2Fwp%2Fv2%2Fcomments&post=3002"}],"version-history":[{"count":6,"href":"https:\/\/questcequonboit.fr\/index.php?rest_route=\/wp\/v2\/pages\/3002\/revisions"}],"predecessor-version":[{"id":3011,"href":"https:\/\/questcequonboit.fr\/index.php?rest_route=\/wp\/v2\/pages\/3002\/revisions\/3011"}],"wp:attachment":[{"href":"https:\/\/questcequonboit.fr\/index.php?rest_route=%2Fwp%2Fv2%2Fmedia&parent=3002"}],"curies":[{"name":"wp","href":"https:\/\/api.w.org\/{rel}","templated":true}]}}